{"id":10,"date":"2026-03-25T14:04:31","date_gmt":"2026-03-25T14:04:31","guid":{"rendered":"https:\/\/dwohost.ovh\/?page_id=10"},"modified":"2026-03-25T14:07:33","modified_gmt":"2026-03-25T14:07:33","slug":"10-2","status":"publish","type":"page","link":"https:\/\/dwohost.ovh\/","title":{"rendered":"TEST"},"content":{"rendered":"\n<!DOCTYPE html>\n<html lang=\"pl\">\n<head>\n  <meta charset=\"UTF-8\">\n  <meta name=\"viewport\" content=\"width=device-width, initial-scale=1.0\">\n  <title>Moja Strona IT<\/title>\n  <style>\n    body {\n      font-family: Arial, sans-serif;\n      margin: 0;\n      background: #0f172a;\n      color: #e2e8f0;\n    }\n    header {\n      background: #1e293b;\n      padding: 20px;\n      text-align: center;\n    }\n    nav a {\n      color: #38bdf8;\n      margin: 0 15px;\n      text-decoration: none;\n      font-weight: bold;\n    }\n    section {\n      padding: 40px;\n      max-width: 1000px;\n      margin: auto;\n    }\n    .card {\n      background: #1e293b;\n      padding: 20px;\n      margin: 20px 0;\n      border-radius: 10px;\n    }\n    footer {\n      background: #020617;\n      text-align: center;\n      padding: 15px;\n      margin-top: 40px;\n      font-size: 14px;\n    }\n  <\/style>\n<\/head>\n<body>\n\n<header>\n  <h1>Moja Strona IT<\/h1>\n  <nav>\n    <a href=\"#\">Start<\/a>\n    <a href=\"#uslugi\">Us\u0142ugi<\/a>\n    <a href=\"#kontakt\">Kontakt<\/a>\n  <\/nav>\n<\/header>\n\n<section>\n  <h2>O mnie<\/h2>\n  <div class=\"card\">\n    <p>Jestem specjalist\u0105 IT. Zajmuj\u0119 si\u0119 administracj\u0105 system\u00f3w, sieciami oraz wsparciem technicznym.<\/p>\n  <\/div>\n\n  <h2 id=\"uslugi\">Us\u0142ugi<\/h2>\n  <div class=\"card\">\n    <ul>\n      <li>Administracja serwerami<\/li>\n      <li>Konfiguracja sieci (VPN, VLAN)<\/li>\n      <li>Wsparcie IT dla firm<\/li>\n      <li>Bezpiecze\u0144stwo i backup<\/li>\n    <\/ul>\n  <\/div>\n\n  <h2 id=\"kontakt\">Kontakt<\/h2>\n  <div class=\"card\">\n    <p>Email: kontakt@twojadomena.pl<\/p>\n    <p>Telefon: 123-456-789<\/p>\n  <\/div>\n<\/section>\n\n<footer>\n  <p>\u00a9 2026 Moja Firma IT<\/p>\n<\/footer>\n\n<\/body>\n<\/html>\n\n","protected":false},"excerpt":{"rendered":"<p>Moja Strona IT Moja Strona IT Start Us\u0142ugi Kontakt O mnie Jestem specjalist\u0105 IT. Zajmuj\u0119 si\u0119 administracj\u0105 system\u00f3w, sieciami oraz wsparciem technicznym. Us\u0142ugi Administracja serwerami Konfiguracja sieci (VPN, VLAN) Wsparcie IT dla firm Bezpiecze\u0144stwo i backup Kontakt Email: kontakt@twojadomena.pl Telefon: 123-456-789 \u00a9 2026 Moja Firma IT<\/p>\n","protected":false},"author":1,"featured_media":0,"parent":0,"menu_order":0,"comment_status":"closed","ping_status":"closed","template":"","meta":{"footnotes":""},"class_list":["post-10","page","type-page","status-publish","hentry"],"_links":{"self":[{"href":"https:\/\/dwohost.ovh\/index.php\/wp-json\/wp\/v2\/pages\/10","targetHints":{"allow":["GET"]}}],"collection":[{"href":"https:\/\/dwohost.ovh\/index.php\/wp-json\/wp\/v2\/pages"}],"about":[{"href":"https:\/\/dwohost.ovh\/index.php\/wp-json\/wp\/v2\/types\/page"}],"author":[{"embeddable":true,"href":"https:\/\/dwohost.ovh\/index.php\/wp-json\/wp\/v2\/users\/1"}],"replies":[{"embeddable":true,"href":"https:\/\/dwohost.ovh\/index.php\/wp-json\/wp\/v2\/comments?post=10"}],"version-history":[{"count":2,"href":"https:\/\/dwohost.ovh\/index.php\/wp-json\/wp\/v2\/pages\/10\/revisions"}],"predecessor-version":[{"id":12,"href":"https:\/\/dwohost.ovh\/index.php\/wp-json\/wp\/v2\/pages\/10\/revisions\/12"}],"wp:attachment":[{"href":"https:\/\/dwohost.ovh\/index.php\/wp-json\/wp\/v2\/media?parent=10"}],"curies":[{"name":"wp","href":"https:\/\/api.w.org\/{rel}","templated":true}]}}